{"id":10865,"date":"2025-06-16T09:31:19","date_gmt":"2025-06-16T09:31:19","guid":{"rendered":"https:\/\/g2infra.al\/?page_id=10865"},"modified":"2025-06-16T09:41:31","modified_gmt":"2025-06-16T09:41:31","slug":"disclaimer","status":"publish","type":"page","link":"https:\/\/g2infra.al\/en\/disclaimer\/","title":{"rendered":"Disclaimer"},"content":{"rendered":"\n<h4 class=\"wp-block-heading\"><strong>Mohim p\u00ebrgjegj\u00ebsie p\u00ebr faqen e internetit<\/strong><\/h4>\n\n\n\n<p>Informacioni i ofruar nga G2 INFRA (&#8220;ne&#8221;, &#8220;na&#8221;, ose &#8220;tona&#8221;) n\u00eb G2 INFRA (&#8220;Faqja&#8221;) \u00ebsht\u00eb vet\u00ebm p\u00ebr q\u00ebllime t\u00eb p\u00ebrgjithshme informuese. I gjith\u00eb informacioni n\u00eb Faqe ofrohet me mir\u00ebbesim; megjithat\u00eb, nuk b\u00ebjm\u00eb asnj\u00eb p\u00ebrfaq\u00ebsim apo garanci t\u00eb \u00e7far\u00ebdo lloji, t\u00eb shprehur apo t\u00eb n\u00ebnkuptuar, p\u00ebr sakt\u00ebsin\u00eb, mjaftueshm\u00ebrin\u00eb, vlefshm\u00ebrin\u00eb, besueshm\u00ebrin\u00eb, disponueshm\u00ebrin\u00eb apo plot\u00ebsin\u00eb e ndonj\u00eb informacioni n\u00eb Faqe.<\/p>\n\n\n\n<p>N\u00eb asnj\u00eb rrethan\u00eb nuk do t\u00eb kemi ndonj\u00eb p\u00ebrgjegj\u00ebsi ndaj jush p\u00ebr ndonj\u00eb humbje ose d\u00ebmtim t\u00eb \u00e7far\u00ebdo lloji q\u00eb mund t\u00eb ndodh\u00eb si rezultat i p\u00ebrdorimit t\u00eb faqes ose mb\u00ebshtetjes n\u00eb informacionin e ofruar n\u00eb faqe. P\u00ebrdorimi i faqes dhe mb\u00ebshtetja n\u00eb \u00e7do informacion n\u00eb faqe \u00ebsht\u00eb vet\u00ebm n\u00eb p\u00ebrgjegj\u00ebsin\u00eb tuaj.<\/p>\n\n\n\n<h4 class=\"wp-block-heading\"><strong>Mohim p\u00ebrgjegj\u00ebsie p\u00ebr lidhjet e jashtme<\/strong><\/h4>\n\n\n\n<p>Faqja mund t\u00eb p\u00ebrmbaj\u00eb lidhje me faqe t\u00eb tjera interneti ose p\u00ebrmbajtje q\u00eb i p\u00ebrkasin pal\u00ebve t\u00eb treta. Lidhjet e tilla t\u00eb jashtme nuk hetohen, monitorohen apo kontrollohen nga ne p\u00ebr sakt\u00ebsin\u00eb apo plot\u00ebsin\u00eb e tyre.<\/p>\n\n\n\n<h4 class=\"wp-block-heading\"><strong>Mohim p\u00ebrgjegj\u00ebsie profesionale<\/strong><\/h4>\n\n\n\n<p>Faqja nuk mund dhe nuk ofron k\u00ebshilla [ligjore\/mjek\u00ebsore\/financiare\/t\u00eb tjera]. Informacioni \u00ebsht\u00eb vet\u00ebm p\u00ebr q\u00ebllime t\u00eb p\u00ebrgjithshme edukative dhe nuk z\u00ebvend\u00ebson k\u00ebshillat profesionale. K\u00ebshillohet t\u00eb konsultoheni me nj\u00eb profesionist t\u00eb kualifikuar p\u00ebrpara se t\u00eb merrni vendime.<\/p>\n\n\n\n<h4 class=\"wp-block-heading\"><strong>Mohim p\u00ebrgjegj\u00ebsie p\u00ebr lidhjet partnere<\/strong><\/h4>\n\n\n\n<p>Faqja mund t\u00eb p\u00ebrmbaj\u00eb lidhje partnere, dhe ne mund t\u00eb marrim nj\u00eb komision p\u00ebr blerjet e b\u00ebra p\u00ebrmes k\u00ebtyre lidhjeve.<\/p>\n\n\n\n<h4 class=\"wp-block-heading\"><strong>P\u00eblqimi<\/strong><\/h4>\n\n\n\n<p>Duke p\u00ebrdorur faqen ton\u00eb t\u00eb internetit, ju pranoni mohimin ton\u00eb t\u00eb p\u00ebrgjegj\u00ebsis\u00eb dhe pajtoheni me kushtet e tij.<\/p>\n\n\n\n<h4 class=\"wp-block-heading\"><strong>P\u00ebrdit\u00ebsimi<\/strong><\/h4>\n\n\n\n<p>Ky mohim p\u00ebrgjegj\u00ebsie \u00ebsht\u00eb p\u00ebrdit\u00ebsuar p\u00ebr her\u00eb t\u00eb fundit m\u00eb 16\/06\/2025. Ne rezervojm\u00eb t\u00eb drejt\u00ebn ta p\u00ebrdit\u00ebsojm\u00eb ose ndryshojm\u00eb k\u00ebt\u00eb deklarat\u00eb n\u00eb \u00e7do koh\u00eb.<\/p>\n\n\n\n<h4 class=\"wp-block-heading\">Materiale t\u00eb tjera<\/h4>\n\n\n\n<p>Politikat e privat\u00ebsis\u00eb: <a href=\"https:\/\/g2infra.al\/polika-e-privatesise\/\">Kliko K\u00ebtu<\/a><\/p>\n\n\n\n<p>Kushtet e p\u00ebrdorimit: <a href=\"https:\/\/g2infra.al\/kushtet-e-perdorimit\/\">Kliko K\u00ebtu<\/a><\/p>\n\n\n\n<p><\/p>\n","protected":false},"excerpt":{"rendered":"<p>Mohim p\u00ebrgjegj\u00ebsie p\u00ebr faqen e internetit Informacioni i ofruar nga G2 INFRA (&#8220;ne&#8221;, &#8220;na&#8221;, ose &#8220;tona&#8221;) n\u00eb G2 INFRA (&#8220;Faqja&#8221;) \u00ebsht\u00eb vet\u00ebm p\u00ebr q\u00ebllime t\u00eb p\u00ebrgjithshme informuese. I gjith\u00eb informacioni n\u00eb Faqe ofrohet me mir\u00ebbesim; megjithat\u00eb, nuk b\u00ebjm\u00eb asnj\u00eb p\u00ebrfaq\u00ebsim [&hellip;]<\/p>\n","protected":false},"author":1,"featured_media":0,"parent":0,"menu_order":0,"comment_status":"closed","ping_status":"closed","template":"","meta":{"footnotes":""},"class_list":["post-10865","page","type-page","status-publish","hentry"],"yoast_head":"<!-- This site is optimized with the Yoast SEO plugin v27.4 - https:\/\/yoast.com\/product\/yoast-seo-wordpress\/ -->\n<title>Disclaimer - G2 Infra<\/title>\n<meta name=\"robots\" content=\"index, follow, max-snippet:-1, max-image-preview:large, max-video-preview:-1\" \/>\n<link rel=\"canonical\" href=\"https:\/\/g2infra.al\/en\/disclaimer\/\" \/>\n<meta property=\"og:locale\" content=\"en_US\" \/>\n<meta property=\"og:type\" content=\"article\" \/>\n<meta property=\"og:title\" content=\"Disclaimer - G2 Infra\" \/>\n<meta property=\"og:description\" content=\"Mohim p\u00ebrgjegj\u00ebsie p\u00ebr faqen e internetit Informacioni i ofruar nga G2 INFRA (&#8220;ne&#8221;, &#8220;na&#8221;, ose &#8220;tona&#8221;) n\u00eb G2 INFRA (&#8220;Faqja&#8221;) \u00ebsht\u00eb vet\u00ebm p\u00ebr q\u00ebllime t\u00eb p\u00ebrgjithshme informuese. I gjith\u00eb informacioni n\u00eb Faqe ofrohet me mir\u00ebbesim; megjithat\u00eb, nuk b\u00ebjm\u00eb asnj\u00eb p\u00ebrfaq\u00ebsim [&hellip;]\" \/>\n<meta property=\"og:url\" content=\"https:\/\/g2infra.al\/en\/disclaimer\/\" \/>\n<meta property=\"og:site_name\" content=\"G2 Infra\" \/>\n<meta property=\"article:modified_time\" content=\"2025-06-16T09:41:31+00:00\" \/>\n<meta name=\"twitter:card\" content=\"summary_large_image\" \/>\n<meta name=\"twitter:label1\" content=\"Est. reading time\" \/>\n\t<meta name=\"twitter:data1\" content=\"2 minutes\" \/>\n<script type=\"application\/ld+json\" class=\"yoast-schema-graph\">{\"@context\":\"https:\\\/\\\/schema.org\",\"@graph\":[{\"@type\":\"WebPage\",\"@id\":\"https:\\\/\\\/g2infra.al\\\/disclaimer\\\/\",\"url\":\"https:\\\/\\\/g2infra.al\\\/disclaimer\\\/\",\"name\":\"Disclaimer - G2 Infra\",\"isPartOf\":{\"@id\":\"https:\\\/\\\/g2infra.al\\\/#website\"},\"datePublished\":\"2025-06-16T09:31:19+00:00\",\"dateModified\":\"2025-06-16T09:41:31+00:00\",\"breadcrumb\":{\"@id\":\"https:\\\/\\\/g2infra.al\\\/disclaimer\\\/#breadcrumb\"},\"inLanguage\":\"en-US\",\"potentialAction\":[{\"@type\":\"ReadAction\",\"target\":[\"https:\\\/\\\/g2infra.al\\\/disclaimer\\\/\"]}]},{\"@type\":\"BreadcrumbList\",\"@id\":\"https:\\\/\\\/g2infra.al\\\/disclaimer\\\/#breadcrumb\",\"itemListElement\":[{\"@type\":\"ListItem\",\"position\":1,\"name\":\"Home\",\"item\":\"https:\\\/\\\/g2infra.al\\\/\"},{\"@type\":\"ListItem\",\"position\":2,\"name\":\"Disclaimer\"}]},{\"@type\":\"WebSite\",\"@id\":\"https:\\\/\\\/g2infra.al\\\/#website\",\"url\":\"https:\\\/\\\/g2infra.al\\\/\",\"name\":\"G2 INFRA\",\"description\":\"Autostrada Thumane Kashar\",\"publisher\":{\"@id\":\"https:\\\/\\\/g2infra.al\\\/#organization\"},\"alternateName\":\"Thumane Kahar\",\"potentialAction\":[{\"@type\":\"SearchAction\",\"target\":{\"@type\":\"EntryPoint\",\"urlTemplate\":\"https:\\\/\\\/g2infra.al\\\/?s={search_term_string}\"},\"query-input\":{\"@type\":\"PropertyValueSpecification\",\"valueRequired\":true,\"valueName\":\"search_term_string\"}}],\"inLanguage\":\"en-US\"},{\"@type\":\"Organization\",\"@id\":\"https:\\\/\\\/g2infra.al\\\/#organization\",\"name\":\"G2 INFRA\",\"alternateName\":\"G2\",\"url\":\"https:\\\/\\\/g2infra.al\\\/\",\"logo\":{\"@type\":\"ImageObject\",\"inLanguage\":\"en-US\",\"@id\":\"https:\\\/\\\/g2infra.al\\\/#\\\/schema\\\/logo\\\/image\\\/\",\"url\":\"https:\\\/\\\/g2infra.al\\\/wp-content\\\/uploads\\\/2025\\\/01\\\/2-1.svg\",\"contentUrl\":\"https:\\\/\\\/g2infra.al\\\/wp-content\\\/uploads\\\/2025\\\/01\\\/2-1.svg\",\"width\":200,\"height\":100,\"caption\":\"G2 INFRA\"},\"image\":{\"@id\":\"https:\\\/\\\/g2infra.al\\\/#\\\/schema\\\/logo\\\/image\\\/\"}}]}<\/script>\n<!-- \/ Yoast SEO plugin. -->","yoast_head_json":{"title":"Disclaimer - G2 Infra","robots":{"index":"index","follow":"follow","max-snippet":"max-snippet:-1","max-image-preview":"max-image-preview:large","max-video-preview":"max-video-preview:-1"},"canonical":"https:\/\/g2infra.al\/en\/disclaimer\/","og_locale":"en_US","og_type":"article","og_title":"Disclaimer - G2 Infra","og_description":"Mohim p\u00ebrgjegj\u00ebsie p\u00ebr faqen e internetit Informacioni i ofruar nga G2 INFRA (&#8220;ne&#8221;, &#8220;na&#8221;, ose &#8220;tona&#8221;) n\u00eb G2 INFRA (&#8220;Faqja&#8221;) \u00ebsht\u00eb vet\u00ebm p\u00ebr q\u00ebllime t\u00eb p\u00ebrgjithshme informuese. I gjith\u00eb informacioni n\u00eb Faqe ofrohet me mir\u00ebbesim; megjithat\u00eb, nuk b\u00ebjm\u00eb asnj\u00eb p\u00ebrfaq\u00ebsim [&hellip;]","og_url":"https:\/\/g2infra.al\/en\/disclaimer\/","og_site_name":"G2 Infra","article_modified_time":"2025-06-16T09:41:31+00:00","twitter_card":"summary_large_image","twitter_misc":{"Est. reading time":"2 minutes"},"schema":{"@context":"https:\/\/schema.org","@graph":[{"@type":"WebPage","@id":"https:\/\/g2infra.al\/disclaimer\/","url":"https:\/\/g2infra.al\/disclaimer\/","name":"Disclaimer - G2 Infra","isPartOf":{"@id":"https:\/\/g2infra.al\/#website"},"datePublished":"2025-06-16T09:31:19+00:00","dateModified":"2025-06-16T09:41:31+00:00","breadcrumb":{"@id":"https:\/\/g2infra.al\/disclaimer\/#breadcrumb"},"inLanguage":"en-US","potentialAction":[{"@type":"ReadAction","target":["https:\/\/g2infra.al\/disclaimer\/"]}]},{"@type":"BreadcrumbList","@id":"https:\/\/g2infra.al\/disclaimer\/#breadcrumb","itemListElement":[{"@type":"ListItem","position":1,"name":"Home","item":"https:\/\/g2infra.al\/"},{"@type":"ListItem","position":2,"name":"Disclaimer"}]},{"@type":"WebSite","@id":"https:\/\/g2infra.al\/#website","url":"https:\/\/g2infra.al\/","name":"G2 INFRA","description":"Autostrada Thumane Kashar","publisher":{"@id":"https:\/\/g2infra.al\/#organization"},"alternateName":"Thumane Kahar","potentialAction":[{"@type":"SearchAction","target":{"@type":"EntryPoint","urlTemplate":"https:\/\/g2infra.al\/?s={search_term_string}"},"query-input":{"@type":"PropertyValueSpecification","valueRequired":true,"valueName":"search_term_string"}}],"inLanguage":"en-US"},{"@type":"Organization","@id":"https:\/\/g2infra.al\/#organization","name":"G2 INFRA","alternateName":"G2","url":"https:\/\/g2infra.al\/","logo":{"@type":"ImageObject","inLanguage":"en-US","@id":"https:\/\/g2infra.al\/#\/schema\/logo\/image\/","url":"https:\/\/g2infra.al\/wp-content\/uploads\/2025\/01\/2-1.svg","contentUrl":"https:\/\/g2infra.al\/wp-content\/uploads\/2025\/01\/2-1.svg","width":200,"height":100,"caption":"G2 INFRA"},"image":{"@id":"https:\/\/g2infra.al\/#\/schema\/logo\/image\/"}}]}},"_links":{"self":[{"href":"https:\/\/g2infra.al\/en\/wp-json\/wp\/v2\/pages\/10865","targetHints":{"allow":["GET"]}}],"collection":[{"href":"https:\/\/g2infra.al\/en\/wp-json\/wp\/v2\/pages"}],"about":[{"href":"https:\/\/g2infra.al\/en\/wp-json\/wp\/v2\/types\/page"}],"author":[{"embeddable":true,"href":"https:\/\/g2infra.al\/en\/wp-json\/wp\/v2\/users\/1"}],"replies":[{"embeddable":true,"href":"https:\/\/g2infra.al\/en\/wp-json\/wp\/v2\/comments?post=10865"}],"version-history":[{"count":5,"href":"https:\/\/g2infra.al\/en\/wp-json\/wp\/v2\/pages\/10865\/revisions"}],"predecessor-version":[{"id":10871,"href":"https:\/\/g2infra.al\/en\/wp-json\/wp\/v2\/pages\/10865\/revisions\/10871"}],"wp:attachment":[{"href":"https:\/\/g2infra.al\/en\/wp-json\/wp\/v2\/media?parent=10865"}],"curies":[{"name":"wp","href":"https:\/\/api.w.org\/{rel}","templated":true}]}}