{"id":3,"date":"2025-01-16T08:29:36","date_gmt":"2025-01-16T08:29:36","guid":{"rendered":"https:\/\/g2infra.al\/?page_id=3"},"modified":"2025-06-16T09:51:53","modified_gmt":"2025-06-16T09:51:53","slug":"polika-e-privatesise","status":"publish","type":"page","link":"https:\/\/g2infra.al\/en\/polika-e-privatesise\/","title":{"rendered":"Privacy Policy"},"content":{"rendered":"<h5 class=\"wp-block-heading\"><strong>Effective Date:<\/strong> 16\/06\/2025<\/h5>\n\n\n\n<h4 class=\"wp-block-heading\"><strong>What We Collect<\/strong><\/h4>\n\n\n\n<p><strong>Personal Information:<\/strong> name, email, contact info, payment data<\/p>\n\n\n\n<p><strong>Non-Personal Information:<\/strong> browser, IP address, location, device info<\/p>\n\n\n\n<h4 class=\"wp-block-heading\"><strong>How We Use It<\/strong><\/h4>\n\n\n\n<p>To provide services and manage user accounts<\/p>\n\n\n\n<p>To send communications and updates<\/p>\n\n\n\n<p>To improve user experience<\/p>\n\n\n\n<h4 class=\"wp-block-heading\"><strong>Cookies<\/strong><\/h4>\n\n\n\n<p>We use cookies to analyze traffic and improve functionality.<\/p>\n\n\n\n<h4 class=\"wp-block-heading\"><strong>Data Security<\/strong><\/h4>\n\n\n\n<p>We apply security measures to protect your personal data from unauthorized access in accordance with Law 124\/2024 \u201cFor the Protection of Personal Data\u201d.<\/p>\n\n\n\n<h4 class=\"wp-block-heading\"><strong>Your Rights<\/strong><\/h4>\n\n\n\n<p>You can request to access, update, or delete your personal data.<\/p>\n\n\n\n<h4 class=\"wp-block-heading\"><strong>Third-Party Sharing<\/strong><\/h4>\n\n\n\n<p>We share data only with service providers necessary to operate our website.<\/p>\n\n\n\n<h4 class=\"wp-block-heading\"><strong>Updates<\/strong><\/h4>\n\n\n\n<p>We may revise this policy. Please review it periodically.<\/p>\n\n\n\n<h4 class=\"wp-block-heading\"><\/h4>\n\n\n\n<p><\/p>","protected":false},"excerpt":{"rendered":"<p>Data e hyrjes n\u00eb fuqi: 16\/06\/2025 \u00c7far\u00eb Mbledhim Informacione Personale: emri, email, kontakt, t\u00eb dh\u00ebna pagese Informacione Jo-Personale: IP, shfletuesi, vendndodhja, pajisja Si i P\u00ebrdorim P\u00ebr t\u00eb ofruar sh\u00ebrbime dhe menaxhuar llogarit\u00eb P\u00ebr t\u00eb d\u00ebrguar njoftime dhe p\u00ebrdit\u00ebsime P\u00ebr t\u00eb [&hellip;]<\/p>\n","protected":false},"author":1,"featured_media":0,"parent":0,"menu_order":0,"comment_status":"closed","ping_status":"closed","template":"","meta":{"footnotes":""},"class_list":["post-3","page","type-page","status-publish","hentry"],"yoast_head":"<!-- This site is optimized with the Yoast SEO plugin v27.4 - https:\/\/yoast.com\/product\/yoast-seo-wordpress\/ -->\n<title>POLITIKA E PRIVAT\u00cbSIS\u00cb - G2 Infra<\/title>\n<meta name=\"robots\" content=\"index, follow, max-snippet:-1, max-image-preview:large, max-video-preview:-1\" \/>\n<link rel=\"canonical\" href=\"https:\/\/g2infra.al\/en\/polika-e-privatesise\/\" \/>\n<meta property=\"og:locale\" content=\"en_US\" \/>\n<meta property=\"og:type\" content=\"article\" \/>\n<meta property=\"og:title\" content=\"POLITIKA E PRIVAT\u00cbSIS\u00cb - G2 Infra\" \/>\n<meta property=\"og:description\" content=\"Data e hyrjes n\u00eb fuqi: 16\/06\/2025 \u00c7far\u00eb Mbledhim Informacione Personale: emri, email, kontakt, t\u00eb dh\u00ebna pagese Informacione Jo-Personale: IP, shfletuesi, vendndodhja, pajisja Si i P\u00ebrdorim P\u00ebr t\u00eb ofruar sh\u00ebrbime dhe menaxhuar llogarit\u00eb P\u00ebr t\u00eb d\u00ebrguar njoftime dhe p\u00ebrdit\u00ebsime P\u00ebr t\u00eb [&hellip;]\" \/>\n<meta property=\"og:url\" content=\"https:\/\/g2infra.al\/en\/polika-e-privatesise\/\" \/>\n<meta property=\"og:site_name\" content=\"G2 Infra\" \/>\n<meta property=\"article:modified_time\" content=\"2025-06-16T09:51:53+00:00\" \/>\n<meta name=\"twitter:card\" content=\"summary_large_image\" \/>\n<meta name=\"twitter:label1\" content=\"Est. reading time\" \/>\n\t<meta name=\"twitter:data1\" content=\"1 minute\" \/>\n<script type=\"application\/ld+json\" class=\"yoast-schema-graph\">{\"@context\":\"https:\\\/\\\/schema.org\",\"@graph\":[{\"@type\":\"WebPage\",\"@id\":\"https:\\\/\\\/g2infra.al\\\/polika-e-privatesise\\\/\",\"url\":\"https:\\\/\\\/g2infra.al\\\/polika-e-privatesise\\\/\",\"name\":\"POLITIKA E PRIVAT\u00cbSIS\u00cb - G2 Infra\",\"isPartOf\":{\"@id\":\"https:\\\/\\\/g2infra.al\\\/#website\"},\"datePublished\":\"2025-01-16T08:29:36+00:00\",\"dateModified\":\"2025-06-16T09:51:53+00:00\",\"breadcrumb\":{\"@id\":\"https:\\\/\\\/g2infra.al\\\/polika-e-privatesise\\\/#breadcrumb\"},\"inLanguage\":\"en-US\",\"potentialAction\":[{\"@type\":\"ReadAction\",\"target\":[\"https:\\\/\\\/g2infra.al\\\/polika-e-privatesise\\\/\"]}]},{\"@type\":\"BreadcrumbList\",\"@id\":\"https:\\\/\\\/g2infra.al\\\/polika-e-privatesise\\\/#breadcrumb\",\"itemListElement\":[{\"@type\":\"ListItem\",\"position\":1,\"name\":\"Home\",\"item\":\"https:\\\/\\\/g2infra.al\\\/\"},{\"@type\":\"ListItem\",\"position\":2,\"name\":\"POLITIKA E PRIVAT\u00cbSIS\u00cb\"}]},{\"@type\":\"WebSite\",\"@id\":\"https:\\\/\\\/g2infra.al\\\/#website\",\"url\":\"https:\\\/\\\/g2infra.al\\\/\",\"name\":\"G2 INFRA\",\"description\":\"Autostrada Thumane Kashar\",\"publisher\":{\"@id\":\"https:\\\/\\\/g2infra.al\\\/#organization\"},\"alternateName\":\"Thumane Kahar\",\"potentialAction\":[{\"@type\":\"SearchAction\",\"target\":{\"@type\":\"EntryPoint\",\"urlTemplate\":\"https:\\\/\\\/g2infra.al\\\/?s={search_term_string}\"},\"query-input\":{\"@type\":\"PropertyValueSpecification\",\"valueRequired\":true,\"valueName\":\"search_term_string\"}}],\"inLanguage\":\"en-US\"},{\"@type\":\"Organization\",\"@id\":\"https:\\\/\\\/g2infra.al\\\/#organization\",\"name\":\"G2 INFRA\",\"alternateName\":\"G2\",\"url\":\"https:\\\/\\\/g2infra.al\\\/\",\"logo\":{\"@type\":\"ImageObject\",\"inLanguage\":\"en-US\",\"@id\":\"https:\\\/\\\/g2infra.al\\\/#\\\/schema\\\/logo\\\/image\\\/\",\"url\":\"https:\\\/\\\/g2infra.al\\\/wp-content\\\/uploads\\\/2025\\\/01\\\/2-1.svg\",\"contentUrl\":\"https:\\\/\\\/g2infra.al\\\/wp-content\\\/uploads\\\/2025\\\/01\\\/2-1.svg\",\"width\":200,\"height\":100,\"caption\":\"G2 INFRA\"},\"image\":{\"@id\":\"https:\\\/\\\/g2infra.al\\\/#\\\/schema\\\/logo\\\/image\\\/\"}}]}<\/script>\n<!-- \/ Yoast SEO plugin. -->","yoast_head_json":{"title":"POLITIKA E PRIVAT\u00cbSIS\u00cb - G2 Infra","robots":{"index":"index","follow":"follow","max-snippet":"max-snippet:-1","max-image-preview":"max-image-preview:large","max-video-preview":"max-video-preview:-1"},"canonical":"https:\/\/g2infra.al\/en\/polika-e-privatesise\/","og_locale":"en_US","og_type":"article","og_title":"POLITIKA E PRIVAT\u00cbSIS\u00cb - G2 Infra","og_description":"Data e hyrjes n\u00eb fuqi: 16\/06\/2025 \u00c7far\u00eb Mbledhim Informacione Personale: emri, email, kontakt, t\u00eb dh\u00ebna pagese Informacione Jo-Personale: IP, shfletuesi, vendndodhja, pajisja Si i P\u00ebrdorim P\u00ebr t\u00eb ofruar sh\u00ebrbime dhe menaxhuar llogarit\u00eb P\u00ebr t\u00eb d\u00ebrguar njoftime dhe p\u00ebrdit\u00ebsime P\u00ebr t\u00eb [&hellip;]","og_url":"https:\/\/g2infra.al\/en\/polika-e-privatesise\/","og_site_name":"G2 Infra","article_modified_time":"2025-06-16T09:51:53+00:00","twitter_card":"summary_large_image","twitter_misc":{"Est. reading time":"1 minute"},"schema":{"@context":"https:\/\/schema.org","@graph":[{"@type":"WebPage","@id":"https:\/\/g2infra.al\/polika-e-privatesise\/","url":"https:\/\/g2infra.al\/polika-e-privatesise\/","name":"POLITIKA E PRIVAT\u00cbSIS\u00cb - G2 Infra","isPartOf":{"@id":"https:\/\/g2infra.al\/#website"},"datePublished":"2025-01-16T08:29:36+00:00","dateModified":"2025-06-16T09:51:53+00:00","breadcrumb":{"@id":"https:\/\/g2infra.al\/polika-e-privatesise\/#breadcrumb"},"inLanguage":"en-US","potentialAction":[{"@type":"ReadAction","target":["https:\/\/g2infra.al\/polika-e-privatesise\/"]}]},{"@type":"BreadcrumbList","@id":"https:\/\/g2infra.al\/polika-e-privatesise\/#breadcrumb","itemListElement":[{"@type":"ListItem","position":1,"name":"Home","item":"https:\/\/g2infra.al\/"},{"@type":"ListItem","position":2,"name":"POLITIKA E PRIVAT\u00cbSIS\u00cb"}]},{"@type":"WebSite","@id":"https:\/\/g2infra.al\/#website","url":"https:\/\/g2infra.al\/","name":"G2 INFRA","description":"Autostrada Thumane Kashar","publisher":{"@id":"https:\/\/g2infra.al\/#organization"},"alternateName":"Thumane Kahar","potentialAction":[{"@type":"SearchAction","target":{"@type":"EntryPoint","urlTemplate":"https:\/\/g2infra.al\/?s={search_term_string}"},"query-input":{"@type":"PropertyValueSpecification","valueRequired":true,"valueName":"search_term_string"}}],"inLanguage":"en-US"},{"@type":"Organization","@id":"https:\/\/g2infra.al\/#organization","name":"G2 INFRA","alternateName":"G2","url":"https:\/\/g2infra.al\/","logo":{"@type":"ImageObject","inLanguage":"en-US","@id":"https:\/\/g2infra.al\/#\/schema\/logo\/image\/","url":"https:\/\/g2infra.al\/wp-content\/uploads\/2025\/01\/2-1.svg","contentUrl":"https:\/\/g2infra.al\/wp-content\/uploads\/2025\/01\/2-1.svg","width":200,"height":100,"caption":"G2 INFRA"},"image":{"@id":"https:\/\/g2infra.al\/#\/schema\/logo\/image\/"}}]}},"_links":{"self":[{"href":"https:\/\/g2infra.al\/en\/wp-json\/wp\/v2\/pages\/3","targetHints":{"allow":["GET"]}}],"collection":[{"href":"https:\/\/g2infra.al\/en\/wp-json\/wp\/v2\/pages"}],"about":[{"href":"https:\/\/g2infra.al\/en\/wp-json\/wp\/v2\/types\/page"}],"author":[{"embeddable":true,"href":"https:\/\/g2infra.al\/en\/wp-json\/wp\/v2\/users\/1"}],"replies":[{"embeddable":true,"href":"https:\/\/g2infra.al\/en\/wp-json\/wp\/v2\/comments?post=3"}],"version-history":[{"count":10,"href":"https:\/\/g2infra.al\/en\/wp-json\/wp\/v2\/pages\/3\/revisions"}],"predecessor-version":[{"id":10875,"href":"https:\/\/g2infra.al\/en\/wp-json\/wp\/v2\/pages\/3\/revisions\/10875"}],"wp:attachment":[{"href":"https:\/\/g2infra.al\/en\/wp-json\/wp\/v2\/media?parent=3"}],"curies":[{"name":"wp","href":"https:\/\/api.w.org\/{rel}","templated":true}]}}