{"id":9159,"date":"2018-12-04T09:30:44","date_gmt":"2018-12-04T09:30:44","guid":{"rendered":"https:\/\/wilmer.qodeinteractive.com\/elementor\/?page_id=3"},"modified":"2025-06-16T10:00:13","modified_gmt":"2025-06-16T10:00:13","slug":"kushtet-e-perdorimit","status":"publish","type":"page","link":"https:\/\/g2infra.al\/en\/kushtet-e-perdorimit\/","title":{"rendered":"Kushtet dhe Afatet e P\u00ebrdorimit"},"content":{"rendered":"<h5 class=\"wp-block-heading\"><strong>Effective Date:<\/strong> 16\/06\/2025<\/h5>\n\n\n\n<p>Welcome to G2 INFRA (\"the Site\"). These Terms and Conditions (\"Terms\", \"Agreement\") govern your access to and use of the website operated by G2 INFRA (\"we\", \"us\", or \"our\").<\/p>\n\n\n\n<h4 class=\"wp-block-heading\"><strong><strong>Use of the Website<\/strong><\/strong><\/h4>\n\n\n\n<p>You agree to use the Site only for lawful purposes and in a way that does not infringe on the rights of others.<\/p>\n\n\n\n<p>You may not misuse the Site by introducing harmful software.<\/p>\n\n\n\n<h4 class=\"wp-block-heading\"><strong><strong>Intellectual Property<\/strong><\/strong><\/h4>\n\n\n\n<p>All content on the Site is owned by G2 INFRA and protected by intellectual property laws.<\/p>\n\n\n\n<h4 class=\"wp-block-heading\"><strong><strong>User Accounts<\/strong><\/strong><\/h4>\n\n\n\n<p>You are responsible for maintaining the confidentiality of your account. We may suspend accounts that violate these Terms.<a id=\"_msocom_1\"><\/a><\/p>\n\n\n\n<h4 class=\"wp-block-heading\"><strong><strong>Third-Party Links<\/strong><\/strong><\/h4>\n\n\n\n<p>We are not responsible for the content or privacy practices of other websites linked from our site.<\/p>\n\n\n\n<h4 class=\"wp-block-heading\"><strong><strong>Disclaimers<\/strong><\/strong><\/h4>\n\n\n\n<p>The site is provided \u201cas is\u201d without warranties of any kind. We do not guarantee the accuracy or availability of the content.<\/p>\n\n\n\n<h4 class=\"wp-block-heading\"><strong><strong>Limitation of Liability<\/strong><\/strong><\/h4>\n\n\n\n<p>We are not liable for any indirect or consequential loss arising from the use of the site.<\/p>\n\n\n\n<h4 class=\"wp-block-heading\"><strong><strong>Indemnification<\/strong><\/strong><\/h4>\n\n\n\n<p>You agree to indemnify G2 INFRA against any claims arising from your use of the site.<\/p>\n\n\n\n<h4 class=\"wp-block-heading\"><strong><strong><strong>Changes to Terms<\/strong><\/strong><\/strong><\/h4>\n\n\n\n<p>We may update these Terms. Continued use of the site means you accept any changes.<\/p>\n\n\n\n<h4 class=\"wp-block-heading\"><strong><strong><strong>Governing Law<\/strong><\/strong><\/strong><\/h4>\n\n\n\n<p>These terms are governed by the laws of the Republic of Albania.<\/p>","protected":false},"excerpt":{"rendered":"<p>Data e hyrjes n\u00eb fuqi: 16\/06\/2025 Mir\u00eb se vini n\u00eb G2 INFRA (\u201cFaqja\u201d). K\u00ebto Kushte dhe Afate (\u201cKushtet\u201d, \u201cMarr\u00ebveshja\u201d) rregullojn\u00eb p\u00ebrdorimin tuaj t\u00eb faqes n\u00eb internet t\u00eb operuar nga G2 INFRA (\u201cne\u201d, \u201ckompania\u201d, ose \u201ctona\u201d). P\u00ebrdorimi i Faqes Ju pranoni [&hellip;]<\/p>\n","protected":false},"author":1,"featured_media":0,"parent":0,"menu_order":0,"comment_status":"closed","ping_status":"closed","template":"","meta":{"footnotes":""},"class_list":["post-9159","page","type-page","status-publish","hentry"],"yoast_head":"<!-- This site is optimized with the Yoast SEO plugin v27.4 - https:\/\/yoast.com\/product\/yoast-seo-wordpress\/ -->\n<title>Kushtet dhe Afatet e P\u00ebrdorimit - G2 Infra<\/title>\n<meta name=\"robots\" content=\"index, follow, max-snippet:-1, max-image-preview:large, max-video-preview:-1\" \/>\n<link rel=\"canonical\" href=\"https:\/\/g2infra.al\/en\/kushtet-e-perdorimit\/\" \/>\n<meta property=\"og:locale\" content=\"en_US\" \/>\n<meta property=\"og:type\" content=\"article\" \/>\n<meta property=\"og:title\" content=\"Kushtet dhe Afatet e P\u00ebrdorimit - G2 Infra\" \/>\n<meta property=\"og:description\" content=\"Data e hyrjes n\u00eb fuqi: 16\/06\/2025 Mir\u00eb se vini n\u00eb G2 INFRA (\u201cFaqja\u201d). K\u00ebto Kushte dhe Afate (\u201cKushtet\u201d, \u201cMarr\u00ebveshja\u201d) rregullojn\u00eb p\u00ebrdorimin tuaj t\u00eb faqes n\u00eb internet t\u00eb operuar nga G2 INFRA (\u201cne\u201d, \u201ckompania\u201d, ose \u201ctona\u201d). P\u00ebrdorimi i Faqes Ju pranoni [&hellip;]\" \/>\n<meta property=\"og:url\" content=\"https:\/\/g2infra.al\/en\/kushtet-e-perdorimit\/\" \/>\n<meta property=\"og:site_name\" content=\"G2 Infra\" \/>\n<meta property=\"article:modified_time\" content=\"2025-06-16T10:00:13+00:00\" \/>\n<meta name=\"twitter:card\" content=\"summary_large_image\" \/>\n<meta name=\"twitter:label1\" content=\"Est. reading time\" \/>\n\t<meta name=\"twitter:data1\" content=\"1 minute\" \/>\n<script type=\"application\/ld+json\" class=\"yoast-schema-graph\">{\"@context\":\"https:\\\/\\\/schema.org\",\"@graph\":[{\"@type\":\"WebPage\",\"@id\":\"https:\\\/\\\/g2infra.al\\\/kushtet-e-perdorimit\\\/\",\"url\":\"https:\\\/\\\/g2infra.al\\\/kushtet-e-perdorimit\\\/\",\"name\":\"Kushtet dhe Afatet e P\u00ebrdorimit - G2 Infra\",\"isPartOf\":{\"@id\":\"https:\\\/\\\/g2infra.al\\\/#website\"},\"datePublished\":\"2018-12-04T09:30:44+00:00\",\"dateModified\":\"2025-06-16T10:00:13+00:00\",\"breadcrumb\":{\"@id\":\"https:\\\/\\\/g2infra.al\\\/kushtet-e-perdorimit\\\/#breadcrumb\"},\"inLanguage\":\"en-US\",\"potentialAction\":[{\"@type\":\"ReadAction\",\"target\":[\"https:\\\/\\\/g2infra.al\\\/kushtet-e-perdorimit\\\/\"]}]},{\"@type\":\"BreadcrumbList\",\"@id\":\"https:\\\/\\\/g2infra.al\\\/kushtet-e-perdorimit\\\/#breadcrumb\",\"itemListElement\":[{\"@type\":\"ListItem\",\"position\":1,\"name\":\"Home\",\"item\":\"https:\\\/\\\/g2infra.al\\\/\"},{\"@type\":\"ListItem\",\"position\":2,\"name\":\"Kushtet dhe Afatet e P\u00ebrdorimit\"}]},{\"@type\":\"WebSite\",\"@id\":\"https:\\\/\\\/g2infra.al\\\/#website\",\"url\":\"https:\\\/\\\/g2infra.al\\\/\",\"name\":\"G2 INFRA\",\"description\":\"Autostrada Thumane Kashar\",\"publisher\":{\"@id\":\"https:\\\/\\\/g2infra.al\\\/#organization\"},\"alternateName\":\"Thumane Kahar\",\"potentialAction\":[{\"@type\":\"SearchAction\",\"target\":{\"@type\":\"EntryPoint\",\"urlTemplate\":\"https:\\\/\\\/g2infra.al\\\/?s={search_term_string}\"},\"query-input\":{\"@type\":\"PropertyValueSpecification\",\"valueRequired\":true,\"valueName\":\"search_term_string\"}}],\"inLanguage\":\"en-US\"},{\"@type\":\"Organization\",\"@id\":\"https:\\\/\\\/g2infra.al\\\/#organization\",\"name\":\"G2 INFRA\",\"alternateName\":\"G2\",\"url\":\"https:\\\/\\\/g2infra.al\\\/\",\"logo\":{\"@type\":\"ImageObject\",\"inLanguage\":\"en-US\",\"@id\":\"https:\\\/\\\/g2infra.al\\\/#\\\/schema\\\/logo\\\/image\\\/\",\"url\":\"https:\\\/\\\/g2infra.al\\\/wp-content\\\/uploads\\\/2025\\\/01\\\/2-1.svg\",\"contentUrl\":\"https:\\\/\\\/g2infra.al\\\/wp-content\\\/uploads\\\/2025\\\/01\\\/2-1.svg\",\"width\":200,\"height\":100,\"caption\":\"G2 INFRA\"},\"image\":{\"@id\":\"https:\\\/\\\/g2infra.al\\\/#\\\/schema\\\/logo\\\/image\\\/\"}}]}<\/script>\n<!-- \/ Yoast SEO plugin. -->","yoast_head_json":{"title":"Kushtet dhe Afatet e P\u00ebrdorimit - G2 Infra","robots":{"index":"index","follow":"follow","max-snippet":"max-snippet:-1","max-image-preview":"max-image-preview:large","max-video-preview":"max-video-preview:-1"},"canonical":"https:\/\/g2infra.al\/en\/kushtet-e-perdorimit\/","og_locale":"en_US","og_type":"article","og_title":"Kushtet dhe Afatet e P\u00ebrdorimit - G2 Infra","og_description":"Data e hyrjes n\u00eb fuqi: 16\/06\/2025 Mir\u00eb se vini n\u00eb G2 INFRA (\u201cFaqja\u201d). K\u00ebto Kushte dhe Afate (\u201cKushtet\u201d, \u201cMarr\u00ebveshja\u201d) rregullojn\u00eb p\u00ebrdorimin tuaj t\u00eb faqes n\u00eb internet t\u00eb operuar nga G2 INFRA (\u201cne\u201d, \u201ckompania\u201d, ose \u201ctona\u201d). P\u00ebrdorimi i Faqes Ju pranoni [&hellip;]","og_url":"https:\/\/g2infra.al\/en\/kushtet-e-perdorimit\/","og_site_name":"G2 Infra","article_modified_time":"2025-06-16T10:00:13+00:00","twitter_card":"summary_large_image","twitter_misc":{"Est. reading time":"1 minute"},"schema":{"@context":"https:\/\/schema.org","@graph":[{"@type":"WebPage","@id":"https:\/\/g2infra.al\/kushtet-e-perdorimit\/","url":"https:\/\/g2infra.al\/kushtet-e-perdorimit\/","name":"Kushtet dhe Afatet e P\u00ebrdorimit - G2 Infra","isPartOf":{"@id":"https:\/\/g2infra.al\/#website"},"datePublished":"2018-12-04T09:30:44+00:00","dateModified":"2025-06-16T10:00:13+00:00","breadcrumb":{"@id":"https:\/\/g2infra.al\/kushtet-e-perdorimit\/#breadcrumb"},"inLanguage":"en-US","potentialAction":[{"@type":"ReadAction","target":["https:\/\/g2infra.al\/kushtet-e-perdorimit\/"]}]},{"@type":"BreadcrumbList","@id":"https:\/\/g2infra.al\/kushtet-e-perdorimit\/#breadcrumb","itemListElement":[{"@type":"ListItem","position":1,"name":"Home","item":"https:\/\/g2infra.al\/"},{"@type":"ListItem","position":2,"name":"Kushtet dhe Afatet e P\u00ebrdorimit"}]},{"@type":"WebSite","@id":"https:\/\/g2infra.al\/#website","url":"https:\/\/g2infra.al\/","name":"G2 INFRA","description":"Autostrada Thumane Kashar","publisher":{"@id":"https:\/\/g2infra.al\/#organization"},"alternateName":"Thumane Kahar","potentialAction":[{"@type":"SearchAction","target":{"@type":"EntryPoint","urlTemplate":"https:\/\/g2infra.al\/?s={search_term_string}"},"query-input":{"@type":"PropertyValueSpecification","valueRequired":true,"valueName":"search_term_string"}}],"inLanguage":"en-US"},{"@type":"Organization","@id":"https:\/\/g2infra.al\/#organization","name":"G2 INFRA","alternateName":"G2","url":"https:\/\/g2infra.al\/","logo":{"@type":"ImageObject","inLanguage":"en-US","@id":"https:\/\/g2infra.al\/#\/schema\/logo\/image\/","url":"https:\/\/g2infra.al\/wp-content\/uploads\/2025\/01\/2-1.svg","contentUrl":"https:\/\/g2infra.al\/wp-content\/uploads\/2025\/01\/2-1.svg","width":200,"height":100,"caption":"G2 INFRA"},"image":{"@id":"https:\/\/g2infra.al\/#\/schema\/logo\/image\/"}}]}},"_links":{"self":[{"href":"https:\/\/g2infra.al\/en\/wp-json\/wp\/v2\/pages\/9159","targetHints":{"allow":["GET"]}}],"collection":[{"href":"https:\/\/g2infra.al\/en\/wp-json\/wp\/v2\/pages"}],"about":[{"href":"https:\/\/g2infra.al\/en\/wp-json\/wp\/v2\/types\/page"}],"author":[{"embeddable":true,"href":"https:\/\/g2infra.al\/en\/wp-json\/wp\/v2\/users\/1"}],"replies":[{"embeddable":true,"href":"https:\/\/g2infra.al\/en\/wp-json\/wp\/v2\/comments?post=9159"}],"version-history":[{"count":5,"href":"https:\/\/g2infra.al\/en\/wp-json\/wp\/v2\/pages\/9159\/revisions"}],"predecessor-version":[{"id":10877,"href":"https:\/\/g2infra.al\/en\/wp-json\/wp\/v2\/pages\/9159\/revisions\/10877"}],"wp:attachment":[{"href":"https:\/\/g2infra.al\/en\/wp-json\/wp\/v2\/media?parent=9159"}],"curies":[{"name":"wp","href":"https:\/\/api.w.org\/{rel}","templated":true}]}}