{"id":9341,"date":"2025-01-24T13:01:29","date_gmt":"2025-01-24T13:01:29","guid":{"rendered":"https:\/\/g2infra.al\/?page_id=9341"},"modified":"2025-04-15T08:20:32","modified_gmt":"2025-04-15T08:20:32","slug":"faq","status":"publish","type":"page","link":"https:\/\/g2infra.al\/en\/faq\/","title":{"rendered":"FAQs"},"content":{"rendered":"<div data-elementor-type=\"wp-page\" data-elementor-id=\"9341\" class=\"elementor elementor-9341\">\n\t\t\t\t\t\t<section class=\"elementor-section elementor-top-section elementor-element elementor-element-6144346 elementor-section-boxed elementor-section-height-default elementor-section-height-default mkdf-parallax-row-no mkdf-content-aligment-left mkdf-elementor-row-grid-no mkdf-disabled-bg-image-bellow-no mkdf-row-btt-light\" data-id=\"6144346\" data-element_type=\"section\" data-e-type=\"section\">\n\t\t\t\t\t\t<div class=\"elementor-container elementor-column-gap-default\">\n\t\t\t\t\t<div class=\"elementor-column elementor-col-100 elementor-top-column elementor-element elementor-element-8228b1d\" data-id=\"8228b1d\" data-element_type=\"column\" data-e-type=\"column\">\n\t\t\t<div class=\"elementor-widget-wrap elementor-element-populated\">\n\t\t\t\t\t\t<section class=\"elementor-section elementor-inner-section elementor-element elementor-element-56538f6 elementor-section-boxed elementor-section-height-default elementor-section-height-default mkdf-parallax-row-no mkdf-content-aligment-left mkdf-elementor-row-grid-no mkdf-disabled-bg-image-bellow-no mkdf-row-btt-light\" data-id=\"56538f6\" data-element_type=\"section\" data-e-type=\"section\">\n\t\t\t\t\t\t<div class=\"elementor-container elementor-column-gap-default\">\n\t\t\t\t\t<div class=\"elementor-column elementor-col-100 elementor-inner-column elementor-element elementor-element-c13dc22\" data-id=\"c13dc22\" data-element_type=\"column\" data-e-type=\"column\">\n\t\t\t<div class=\"elementor-widget-wrap elementor-element-populated\">\n\t\t\t\t\t\t<div class=\"elementor-element elementor-element-d902229 elementor-widget elementor-widget-mkdf_accordion\" data-id=\"d902229\" data-element_type=\"widget\" data-e-type=\"widget\" data-widget_type=\"mkdf_accordion.default\">\n\t\t\t\t<div class=\"elementor-widget-container\">\n\t\t\t\t\t\n        <div class=\"mkdf-accordion-holder mkdf-ac-default  mkdf-accordion mkdf-ac-boxed mkdf-white-skin mkdf-ac-with-bg-pattern mkdf-ac-with-order-number clearfix\">\n            <h4 class=\"mkdf-accordion-title\" >\n<span class=\"mkdf-tab-title\">What are the toll stations on the Thuman\u00eb-Kashar highway?<\/span>\n<span class=\"mkdf-accordion-mark\">\n\t\t<span class=\"mkdf_icon_plus icon_plus\"><\/span>\n\t\t<span class=\"mkdf_icon_minus icon_minus-06\"><\/span>\n\t<\/span>\n<\/h4>\n<div class=\"mkdf-accordion-content\">\n    <div class=\"mkdf-accordion-content-inner\">\n        <p class=\"\" data-start=\"105\" data-end=\"167\"><strong data-start=\"105\" data-end=\"167\">On the Thuman\u00eb-Kashar highway, there are three toll stations:<\/strong><\/p><ul><li data-start=\"171\" data-end=\"236\"><strong data-start=\"171\" data-end=\"190\">First station<\/strong> Located at the entrance of Mother Teresa Airport.<\/li><li data-start=\"171\" data-end=\"236\"><strong data-start=\"239\" data-end=\"258\">Second station<\/strong> Located at the entrance from Kashar.<\/li><li data-start=\"171\" data-end=\"236\"><strong data-start=\"293\" data-end=\"313\">Third station<\/strong> Located at the exit of Thumana.<\/li><\/ul>    <\/div>\n<\/div><h4 class=\"mkdf-accordion-title\" >\n<span class=\"mkdf-tab-title\">WHERE CAN THE TOLL PAYMENT BE MADE?<\/span>\n<span class=\"mkdf-accordion-mark\">\n\t\t<span class=\"mkdf_icon_plus icon_plus\"><\/span>\n\t\t<span class=\"mkdf_icon_minus icon_minus-06\"><\/span>\n\t<\/span>\n<\/h4>\n<div class=\"mkdf-accordion-content\">\n    <div class=\"mkdf-accordion-content-inner\">\n        <p><strong data-start=\"109\" data-end=\"195\">At the designated toll booths on the highway, based on the location where the passage occurs.<\/strong><br data-start=\"195\" data-end=\"198\" \/>Our current system allows flexible payments, offering options such as cash and bank cards, in both euros and lek. This diversity in payment methods and currencies is designed to meet the needs of highway users, making the payment process easier and faster. All payments are automatically recorded in the electronic system to ensure transparency and accuracy.<\/p>    <\/div>\n<\/div><h4 class=\"mkdf-accordion-title\" >\n<span class=\"mkdf-tab-title\">WHAT IS A TOLL PAYMENT BOOTH?<\/span>\n<span class=\"mkdf-accordion-mark\">\n\t\t<span class=\"mkdf_icon_plus icon_plus\"><\/span>\n\t\t<span class=\"mkdf_icon_minus icon_minus-06\"><\/span>\n\t<\/span>\n<\/h4>\n<div class=\"mkdf-accordion-content\">\n    <div class=\"mkdf-accordion-content-inner\">\n        <p>Traditional toll booths usually have one or more lanes where payment can be made (either by an operator or using an automated payment machine that accepts cash or cards). Typically, there are also one or more lanes dedicated to drivers with electronic payment devices.<\/p>    <\/div>\n<\/div><h4 class=\"mkdf-accordion-title\" >\n<span class=\"mkdf-tab-title\">What are the payment methods?<\/span>\n<span class=\"mkdf-accordion-mark\">\n\t\t<span class=\"mkdf_icon_plus icon_plus\"><\/span>\n\t\t<span class=\"mkdf_icon_minus icon_minus-06\"><\/span>\n\t<\/span>\n<\/h4>\n<div class=\"mkdf-accordion-content\">\n    <div class=\"mkdf-accordion-content-inner\">\n        <p>Toll payments at the stop point can be made with cash or card.<\/p>    <\/div>\n<\/div><h4 class=\"mkdf-accordion-title\" >\n<span class=\"mkdf-tab-title\">What are the vehicle categories?<\/span>\n<span class=\"mkdf-accordion-mark\">\n\t\t<span class=\"mkdf_icon_plus icon_plus\"><\/span>\n\t\t<span class=\"mkdf_icon_minus icon_minus-06\"><\/span>\n\t<\/span>\n<\/h4>\n<div class=\"mkdf-accordion-content\">\n    <div class=\"mkdf-accordion-content-inner\">\n        <ul><li>Three-wheeler with engine displacement over 250 cc\u00a0<\/li><li>Light vehicles<\/li><li>Trucks, buses, and other vehicles with fewer than four (4) axles<\/li><li>Trucks and other vehicles with four (4) or more axles<\/li><\/ul>    <\/div>\n<\/div><h4 class=\"mkdf-accordion-title\" >\n<span class=\"mkdf-tab-title\">Which vehicles are exempt from toll payments?<\/span>\n<span class=\"mkdf-accordion-mark\">\n\t\t<span class=\"mkdf_icon_plus icon_plus\"><\/span>\n\t\t<span class=\"mkdf_icon_minus icon_minus-06\"><\/span>\n\t<\/span>\n<\/h4>\n<div class=\"mkdf-accordion-content\">\n    <div class=\"mkdf-accordion-content-inner\">\n        <ul><li>Traffic Police vehicles;<\/li><li>Ambulances;<\/li><li>Firefighting Force vehicles;<\/li><li>Military vehicles, NATO;<\/li><li>Persons who have disability status based on Law No. 7889, dated 14.12.1994 'On Disability Status,' as amended, and who use vehicles solely for their personal needs and not for private activities, are fully or partially exempt in accordance with the applicable legislation.<\/li><\/ul><p><strong>\u00a0<\/strong><\/p>    <\/div>\n<\/div><h4 class=\"mkdf-accordion-title\" >\n<span class=\"mkdf-tab-title\">Where can I report an issue?<\/span>\n<span class=\"mkdf-accordion-mark\">\n\t\t<span class=\"mkdf_icon_plus icon_plus\"><\/span>\n\t\t<span class=\"mkdf_icon_minus icon_minus-06\"><\/span>\n\t<\/span>\n<\/h4>\n<div class=\"mkdf-accordion-content\">\n    <div class=\"mkdf-accordion-content-inner\">\n        <p>Please contact us through the contact form, which is located in the main menu of the website, or via the toll-free number 0800-0900.<\/p>    <\/div>\n<\/div>        <\/div>\n    \t\t\t\t<\/div>\n\t\t\t\t<\/div>\n\t\t\t\t\t<\/div>\n\t\t<\/div>\n\t\t\t\t\t<\/div>\n\t\t<\/section>\n\t\t\t\t\t<\/div>\n\t\t<\/div>\n\t\t\t\t\t<\/div>\n\t\t<\/section>\n\t\t\t\t<\/div>","protected":false},"excerpt":{"rendered":"<p>CILAT JAN\u00cb TRE STACIONET E TOLLIT N\u00cb AUTOSTRAD\u00cbN THUMAN\u00cb-KASHAR? N\u00eb autostrad\u00ebn Thuman\u00eb-Kashar ndodhen tre stacione TOLL-i: Stacioni i par\u00eb ndodhet n\u00eb hyrje t\u00eb Aeroportit N\u00ebn\u00eb Tereza. Stacioni i dyt\u00eb ndodhet n\u00eb hyrje nga Kashari. Stacioni i tret\u00eb ndodhet n\u00eb dalje [&hellip;]<\/p>\n","protected":false},"author":1,"featured_media":0,"parent":0,"menu_order":0,"comment_status":"closed","ping_status":"closed","template":"","meta":{"footnotes":""},"class_list":["post-9341","page","type-page","status-publish","hentry"],"yoast_head":"<!-- This site is optimized with the Yoast SEO plugin v27.4 - https:\/\/yoast.com\/product\/yoast-seo-wordpress\/ -->\n<title>FAQs - G2 Infra<\/title>\n<meta name=\"robots\" content=\"index, follow, max-snippet:-1, max-image-preview:large, max-video-preview:-1\" \/>\n<link rel=\"canonical\" href=\"https:\/\/g2infra.al\/en\/faq\/\" \/>\n<meta property=\"og:locale\" content=\"en_US\" \/>\n<meta property=\"og:type\" content=\"article\" \/>\n<meta property=\"og:title\" content=\"FAQs - G2 Infra\" \/>\n<meta property=\"og:description\" content=\"CILAT JAN\u00cb TRE STACIONET E TOLLIT N\u00cb AUTOSTRAD\u00cbN THUMAN\u00cb-KASHAR? N\u00eb autostrad\u00ebn Thuman\u00eb-Kashar ndodhen tre stacione TOLL-i: Stacioni i par\u00eb ndodhet n\u00eb hyrje t\u00eb Aeroportit N\u00ebn\u00eb Tereza. Stacioni i dyt\u00eb ndodhet n\u00eb hyrje nga Kashari. Stacioni i tret\u00eb ndodhet n\u00eb dalje [&hellip;]\" \/>\n<meta property=\"og:url\" content=\"https:\/\/g2infra.al\/en\/faq\/\" \/>\n<meta property=\"og:site_name\" content=\"G2 Infra\" \/>\n<meta property=\"article:modified_time\" content=\"2025-04-15T08:20:32+00:00\" \/>\n<meta name=\"twitter:card\" content=\"summary_large_image\" \/>\n<meta name=\"twitter:label1\" content=\"Est. reading time\" \/>\n\t<meta name=\"twitter:data1\" content=\"2 minutes\" \/>\n<script type=\"application\/ld+json\" class=\"yoast-schema-graph\">{\"@context\":\"https:\\\/\\\/schema.org\",\"@graph\":[{\"@type\":\"WebPage\",\"@id\":\"https:\\\/\\\/g2infra.al\\\/faq\\\/\",\"url\":\"https:\\\/\\\/g2infra.al\\\/faq\\\/\",\"name\":\"FAQs - G2 Infra\",\"isPartOf\":{\"@id\":\"https:\\\/\\\/g2infra.al\\\/#website\"},\"datePublished\":\"2025-01-24T13:01:29+00:00\",\"dateModified\":\"2025-04-15T08:20:32+00:00\",\"breadcrumb\":{\"@id\":\"https:\\\/\\\/g2infra.al\\\/faq\\\/#breadcrumb\"},\"inLanguage\":\"en-US\",\"potentialAction\":[{\"@type\":\"ReadAction\",\"target\":[\"https:\\\/\\\/g2infra.al\\\/faq\\\/\"]}]},{\"@type\":\"BreadcrumbList\",\"@id\":\"https:\\\/\\\/g2infra.al\\\/faq\\\/#breadcrumb\",\"itemListElement\":[{\"@type\":\"ListItem\",\"position\":1,\"name\":\"Home\",\"item\":\"https:\\\/\\\/g2infra.al\\\/\"},{\"@type\":\"ListItem\",\"position\":2,\"name\":\"FAQs\"}]},{\"@type\":\"WebSite\",\"@id\":\"https:\\\/\\\/g2infra.al\\\/#website\",\"url\":\"https:\\\/\\\/g2infra.al\\\/\",\"name\":\"G2 INFRA\",\"description\":\"Autostrada Thumane Kashar\",\"publisher\":{\"@id\":\"https:\\\/\\\/g2infra.al\\\/#organization\"},\"alternateName\":\"Thumane Kahar\",\"potentialAction\":[{\"@type\":\"SearchAction\",\"target\":{\"@type\":\"EntryPoint\",\"urlTemplate\":\"https:\\\/\\\/g2infra.al\\\/?s={search_term_string}\"},\"query-input\":{\"@type\":\"PropertyValueSpecification\",\"valueRequired\":true,\"valueName\":\"search_term_string\"}}],\"inLanguage\":\"en-US\"},{\"@type\":\"Organization\",\"@id\":\"https:\\\/\\\/g2infra.al\\\/#organization\",\"name\":\"G2 INFRA\",\"alternateName\":\"G2\",\"url\":\"https:\\\/\\\/g2infra.al\\\/\",\"logo\":{\"@type\":\"ImageObject\",\"inLanguage\":\"en-US\",\"@id\":\"https:\\\/\\\/g2infra.al\\\/#\\\/schema\\\/logo\\\/image\\\/\",\"url\":\"https:\\\/\\\/g2infra.al\\\/wp-content\\\/uploads\\\/2025\\\/01\\\/2-1.svg\",\"contentUrl\":\"https:\\\/\\\/g2infra.al\\\/wp-content\\\/uploads\\\/2025\\\/01\\\/2-1.svg\",\"width\":200,\"height\":100,\"caption\":\"G2 INFRA\"},\"image\":{\"@id\":\"https:\\\/\\\/g2infra.al\\\/#\\\/schema\\\/logo\\\/image\\\/\"}}]}<\/script>\n<!-- \/ Yoast SEO plugin. -->","yoast_head_json":{"title":"FAQs - G2 Infra","robots":{"index":"index","follow":"follow","max-snippet":"max-snippet:-1","max-image-preview":"max-image-preview:large","max-video-preview":"max-video-preview:-1"},"canonical":"https:\/\/g2infra.al\/en\/faq\/","og_locale":"en_US","og_type":"article","og_title":"FAQs - G2 Infra","og_description":"CILAT JAN\u00cb TRE STACIONET E TOLLIT N\u00cb AUTOSTRAD\u00cbN THUMAN\u00cb-KASHAR? N\u00eb autostrad\u00ebn Thuman\u00eb-Kashar ndodhen tre stacione TOLL-i: Stacioni i par\u00eb ndodhet n\u00eb hyrje t\u00eb Aeroportit N\u00ebn\u00eb Tereza. Stacioni i dyt\u00eb ndodhet n\u00eb hyrje nga Kashari. Stacioni i tret\u00eb ndodhet n\u00eb dalje [&hellip;]","og_url":"https:\/\/g2infra.al\/en\/faq\/","og_site_name":"G2 Infra","article_modified_time":"2025-04-15T08:20:32+00:00","twitter_card":"summary_large_image","twitter_misc":{"Est. reading time":"2 minutes"},"schema":{"@context":"https:\/\/schema.org","@graph":[{"@type":"WebPage","@id":"https:\/\/g2infra.al\/faq\/","url":"https:\/\/g2infra.al\/faq\/","name":"FAQs - G2 Infra","isPartOf":{"@id":"https:\/\/g2infra.al\/#website"},"datePublished":"2025-01-24T13:01:29+00:00","dateModified":"2025-04-15T08:20:32+00:00","breadcrumb":{"@id":"https:\/\/g2infra.al\/faq\/#breadcrumb"},"inLanguage":"en-US","potentialAction":[{"@type":"ReadAction","target":["https:\/\/g2infra.al\/faq\/"]}]},{"@type":"BreadcrumbList","@id":"https:\/\/g2infra.al\/faq\/#breadcrumb","itemListElement":[{"@type":"ListItem","position":1,"name":"Home","item":"https:\/\/g2infra.al\/"},{"@type":"ListItem","position":2,"name":"FAQs"}]},{"@type":"WebSite","@id":"https:\/\/g2infra.al\/#website","url":"https:\/\/g2infra.al\/","name":"G2 INFRA","description":"Autostrada Thumane Kashar","publisher":{"@id":"https:\/\/g2infra.al\/#organization"},"alternateName":"Thumane Kahar","potentialAction":[{"@type":"SearchAction","target":{"@type":"EntryPoint","urlTemplate":"https:\/\/g2infra.al\/?s={search_term_string}"},"query-input":{"@type":"PropertyValueSpecification","valueRequired":true,"valueName":"search_term_string"}}],"inLanguage":"en-US"},{"@type":"Organization","@id":"https:\/\/g2infra.al\/#organization","name":"G2 INFRA","alternateName":"G2","url":"https:\/\/g2infra.al\/","logo":{"@type":"ImageObject","inLanguage":"en-US","@id":"https:\/\/g2infra.al\/#\/schema\/logo\/image\/","url":"https:\/\/g2infra.al\/wp-content\/uploads\/2025\/01\/2-1.svg","contentUrl":"https:\/\/g2infra.al\/wp-content\/uploads\/2025\/01\/2-1.svg","width":200,"height":100,"caption":"G2 INFRA"},"image":{"@id":"https:\/\/g2infra.al\/#\/schema\/logo\/image\/"}}]}},"_links":{"self":[{"href":"https:\/\/g2infra.al\/en\/wp-json\/wp\/v2\/pages\/9341","targetHints":{"allow":["GET"]}}],"collection":[{"href":"https:\/\/g2infra.al\/en\/wp-json\/wp\/v2\/pages"}],"about":[{"href":"https:\/\/g2infra.al\/en\/wp-json\/wp\/v2\/types\/page"}],"author":[{"embeddable":true,"href":"https:\/\/g2infra.al\/en\/wp-json\/wp\/v2\/users\/1"}],"replies":[{"embeddable":true,"href":"https:\/\/g2infra.al\/en\/wp-json\/wp\/v2\/comments?post=9341"}],"version-history":[{"count":64,"href":"https:\/\/g2infra.al\/en\/wp-json\/wp\/v2\/pages\/9341\/revisions"}],"predecessor-version":[{"id":10722,"href":"https:\/\/g2infra.al\/en\/wp-json\/wp\/v2\/pages\/9341\/revisions\/10722"}],"wp:attachment":[{"href":"https:\/\/g2infra.al\/en\/wp-json\/wp\/v2\/media?parent=9341"}],"curies":[{"name":"wp","href":"https:\/\/api.w.org\/{rel}","templated":true}]}}